{"id":2076,"date":"2023-11-07T23:28:14","date_gmt":"2023-11-07T22:28:14","guid":{"rendered":"https:\/\/www.importfromegypt.eu\/?page_id=2076"},"modified":"2024-02-23T14:38:51","modified_gmt":"2024-02-23T13:38:51","slug":"insalata-iceberg","status":"publish","type":"page","link":"https:\/\/www.importfromegypt.eu\/en\/insalata-iceberg\/","title":{"rendered":"Insalata Iceberg"},"content":{"rendered":"<div data-elementor-type=\"wp-page\" data-elementor-id=\"2076\" class=\"elementor elementor-2076\">\n\t\t\t\t\t\t\t\t\t<section class=\"elementor-section elementor-top-section elementor-element elementor-element-1f76e92c envato-kit-141-top-0 elementor-section-boxed elementor-section-height-default elementor-section-height-default\" data-id=\"1f76e92c\" data-element_type=\"section\" data-settings=\"{&quot;background_background&quot;:&quot;classic&quot;}\">\n\t\t\t\t\t\t\t<div class=\"elementor-background-overlay\"><\/div>\n\t\t\t\t\t\t\t<div class=\"elementor-container elementor-column-gap-wider\">\n\t\t\t\t\t<div class=\"elementor-column elementor-col-50 elementor-top-column elementor-element elementor-element-12630bf7\" data-id=\"12630bf7\" data-element_type=\"column\">\n\t\t\t<div class=\"elementor-widget-wrap elementor-element-populated\">\n\t\t\t\t\t\t\t\t<div class=\"elementor-element elementor-element-4ba8548 elementor-widget__width-initial elementor-widget elementor-widget-image\" data-id=\"4ba8548\" data-element_type=\"widget\" data-widget_type=\"image.default\">\n\t\t\t\t<div class=\"elementor-widget-container\">\n\t\t\t<style>\/*! elementor - v3.17.0 - 01-11-2023 *\/\n.elementor-widget-image{text-align:center}.elementor-widget-image a{display:inline-block}.elementor-widget-image a img[src$=\".svg\"]{width:48px}.elementor-widget-image img{vertical-align:middle;display:inline-block}<\/style>\t\t\t\t\t\t\t\t\t\t\t\t<img fetchpriority=\"high\" decoding=\"async\" width=\"570\" height=\"510\" src=\"https:\/\/www.importfromegypt.eu\/wp-content\/uploads\/2023\/11\/29.png\" class=\"attachment-full size-full wp-image-1887\" alt=\"\" srcset=\"https:\/\/www.importfromegypt.eu\/wp-content\/uploads\/2023\/11\/29.png 570w, https:\/\/www.importfromegypt.eu\/wp-content\/uploads\/2023\/11\/29-300x268.png 300w, https:\/\/www.importfromegypt.eu\/wp-content\/uploads\/2023\/11\/29-13x12.png 13w, https:\/\/www.importfromegypt.eu\/wp-content\/uploads\/2023\/11\/29-293x262.png 293w, https:\/\/www.importfromegypt.eu\/wp-content\/uploads\/2023\/11\/29-447x400.png 447w\" sizes=\"(max-width: 570px) 100vw, 570px\" \/>\t\t\t\t\t\t\t\t\t\t\t\t\t\t\t<\/div>\n\t\t\t\t<\/div>\n\t\t\t\t\t<\/div>\n\t\t<\/div>\n\t\t\t\t<div class=\"elementor-column elementor-col-50 elementor-top-column elementor-element elementor-element-6bdd4b09\" data-id=\"6bdd4b09\" data-element_type=\"column\">\n\t\t\t<div class=\"elementor-widget-wrap elementor-element-populated\">\n\t\t\t\t\t\t\t\t<div class=\"elementor-element elementor-element-5ccc5ad0 elementor-invisible elementor-widget elementor-widget-heading\" data-id=\"5ccc5ad0\" data-element_type=\"widget\" data-settings=\"{&quot;_animation&quot;:&quot;fadeIn&quot;,&quot;_animation_delay&quot;:100}\" data-widget_type=\"heading.default\">\n\t\t\t\t<div class=\"elementor-widget-container\">\n\t\t\t<style>\/*! elementor - v3.17.0 - 01-11-2023 *\/\n.elementor-heading-title{padding:0;margin:0;line-height:1}.elementor-widget-heading .elementor-heading-title[class*=elementor-size-]>a{color:inherit;font-size:inherit;line-height:inherit}.elementor-widget-heading .elementor-heading-title.elementor-size-small{font-size:15px}.elementor-widget-heading .elementor-heading-title.elementor-size-medium{font-size:19px}.elementor-widget-heading .elementor-heading-title.elementor-size-large{font-size:29px}.elementor-widget-heading .elementor-heading-title.elementor-size-xl{font-size:39px}.elementor-widget-heading .elementor-heading-title.elementor-size-xxl{font-size:59px}<\/style><h2 class=\"elementor-heading-title elementor-size-default\">ICEBERG LETTUCE<\/h2>\t\t<\/div>\n\t\t\t\t<\/div>\n\t\t\t\t<div class=\"elementor-element elementor-element-44016a3a elementor-invisible elementor-widget elementor-widget-text-editor\" data-id=\"44016a3a\" data-element_type=\"widget\" data-settings=\"{&quot;_animation&quot;:&quot;fadeIn&quot;,&quot;_animation_delay&quot;:200}\" data-widget_type=\"text-editor.default\">\n\t\t\t\t<div class=\"elementor-widget-container\">\n\t\t\t<style>\/*! elementor - v3.17.0 - 01-11-2023 *\/\n.elementor-widget-text-editor.elementor-drop-cap-view-stacked .elementor-drop-cap{background-color:#69727d;color:#fff}.elementor-widget-text-editor.elementor-drop-cap-view-framed .elementor-drop-cap{color:#69727d;border:3px solid;background-color:transparent}.elementor-widget-text-editor:not(.elementor-drop-cap-view-default) .elementor-drop-cap{margin-top:8px}.elementor-widget-text-editor:not(.elementor-drop-cap-view-default) .elementor-drop-cap-letter{width:1em;height:1em}.elementor-widget-text-editor .elementor-drop-cap{float:left;text-align:center;line-height:1;font-size:50px}.elementor-widget-text-editor .elementor-drop-cap-letter{display:inline-block}<\/style>\t\t\t\t<p>Iceberg lettuce is a type of lettuce prized for its crisp texture and mild flavour. It is a popular variety of lettuce consumed all over the world. Its name comes from the fact that it is often packed in ice during transport to keep it fresh.<\/p><p>Iceberg salad is low in calories and a good source of fibre, vitamins A and K, and potassium. It is also rich in water content, which can contribute to hydration.<\/p><p>The iceberg salad is rich in fibres, which is useful for healthy digestion and intestinal regularity.<\/p>\t\t\t\t\t\t<\/div>\n\t\t\t\t<\/div>\n\t\t\t\t\t<\/div>\n\t\t<\/div>\n\t\t\t\t\t\t\t<\/div>\n\t\t<\/section>\n\t\t<div class=\"elementor-element elementor-element-4474def e-flex e-con-boxed e-con e-parent\" data-id=\"4474def\" data-element_type=\"container\" data-settings=\"{&quot;content_width&quot;:&quot;boxed&quot;}\" data-core-v316-plus=\"true\">\n\t\t\t\t\t<div class=\"e-con-inner\">\n\t\t\t\t<div class=\"elementor-element elementor-element-39f4500 elementor-align-center elementor-widget elementor-widget-button\" data-id=\"39f4500\" data-element_type=\"widget\" data-widget_type=\"button.default\">\n\t\t\t\t<div class=\"elementor-widget-container\">\n\t\t\t\t\t<div class=\"elementor-button-wrapper\">\n\t\t\t<a class=\"elementor-button elementor-button-link elementor-size-lg\" href=\"https:\/\/www.importfromegypt.eu\/en\/contact-us\/\">\n\t\t\t\t\t\t<span class=\"elementor-button-content-wrapper\">\n\t\t\t\t\t\t<span class=\"elementor-button-text\">Request Quote<\/span>\n\t\t<\/span>\n\t\t\t\t\t<\/a>\n\t\t<\/div>\n\t\t\t\t<\/div>\n\t\t\t\t<\/div>\n\t\t\t\t\t<\/div>\n\t\t\t\t<\/div>\n\t\t\t\t<section class=\"elementor-section elementor-top-section elementor-element elementor-element-4b15faff elementor-section-boxed elementor-section-height-default elementor-section-height-default\" data-id=\"4b15faff\" data-element_type=\"section\">\n\t\t\t\t\t\t<div class=\"elementor-container elementor-column-gap-default\">\n\t\t\t\t\t<div class=\"elementor-column elementor-col-100 elementor-top-column elementor-element elementor-element-26231b77 elementor-invisible\" data-id=\"26231b77\" data-element_type=\"column\" data-settings=\"{&quot;animation&quot;:&quot;fadeInRight&quot;}\">\n\t\t\t<div class=\"elementor-widget-wrap elementor-element-populated\">\n\t\t\t\t\t\t\t\t<div class=\"elementor-element elementor-element-69b10ead elementor-tabs-view-vertical elementor-widget elementor-widget-tabs\" data-id=\"69b10ead\" data-element_type=\"widget\" data-widget_type=\"tabs.default\">\n\t\t\t\t<div class=\"elementor-widget-container\">\n\t\t\t<style>\/*! elementor - v3.17.0 - 01-11-2023 *\/\n.elementor-widget-tabs.elementor-tabs-view-vertical .elementor-tabs-wrapper{width:25%;flex-shrink:0}.elementor-widget-tabs.elementor-tabs-view-vertical .elementor-tab-desktop-title.elementor-active{border-right-style:none}.elementor-widget-tabs.elementor-tabs-view-vertical .elementor-tab-desktop-title.elementor-active:after,.elementor-widget-tabs.elementor-tabs-view-vertical .elementor-tab-desktop-title.elementor-active:before{height:999em;width:0;right:0;border-right-style:solid}.elementor-widget-tabs.elementor-tabs-view-vertical .elementor-tab-desktop-title.elementor-active:before{top:0;transform:translateY(-100%)}.elementor-widget-tabs.elementor-tabs-view-vertical .elementor-tab-desktop-title.elementor-active:after{top:100%}.elementor-widget-tabs.elementor-tabs-view-horizontal .elementor-tab-desktop-title{display:table-cell}.elementor-widget-tabs.elementor-tabs-view-horizontal .elementor-tab-desktop-title.elementor-active{border-bottom-style:none}.elementor-widget-tabs.elementor-tabs-view-horizontal .elementor-tab-desktop-title.elementor-active:after,.elementor-widget-tabs.elementor-tabs-view-horizontal .elementor-tab-desktop-title.elementor-active:before{bottom:0;height:0;width:999em;border-bottom-style:solid}.elementor-widget-tabs.elementor-tabs-view-horizontal .elementor-tab-desktop-title.elementor-active:before{right:100%}.elementor-widget-tabs.elementor-tabs-view-horizontal .elementor-tab-desktop-title.elementor-active:after{left:100%}.elementor-widget-tabs .elementor-tab-content,.elementor-widget-tabs .elementor-tab-title,.elementor-widget-tabs .elementor-tab-title:after,.elementor-widget-tabs .elementor-tab-title:before,.elementor-widget-tabs .elementor-tabs-content-wrapper{border:1px #d5d8dc}.elementor-widget-tabs .elementor-tabs{text-align:left}.elementor-widget-tabs .elementor-tabs-wrapper{overflow:hidden}.elementor-widget-tabs .elementor-tab-title{cursor:pointer;outline:var(--focus-outline,none)}.elementor-widget-tabs .elementor-tab-desktop-title{position:relative;padding:20px 25px;font-weight:700;line-height:1;border:solid transparent}.elementor-widget-tabs .elementor-tab-desktop-title.elementor-active{border-color:#d5d8dc}.elementor-widget-tabs .elementor-tab-desktop-title.elementor-active:after,.elementor-widget-tabs .elementor-tab-desktop-title.elementor-active:before{display:block;content:\"\";position:absolute}.elementor-widget-tabs .elementor-tab-desktop-title:focus-visible{border:1px solid #000}.elementor-widget-tabs .elementor-tab-mobile-title{padding:10px;cursor:pointer}.elementor-widget-tabs .elementor-tab-content{padding:20px;display:none}@media (max-width:767px){.elementor-tabs .elementor-tab-content,.elementor-tabs .elementor-tab-title{border-style:solid solid none}.elementor-tabs .elementor-tabs-wrapper{display:none}.elementor-tabs .elementor-tabs-content-wrapper{border-bottom-style:solid}.elementor-tabs .elementor-tab-content{padding:10px}}@media (min-width:768px){.elementor-widget-tabs.elementor-tabs-view-vertical .elementor-tabs{display:flex}.elementor-widget-tabs.elementor-tabs-view-vertical .elementor-tabs-wrapper{flex-direction:column}.elementor-widget-tabs.elementor-tabs-view-vertical .elementor-tabs-content-wrapper{flex-grow:1;border-style:solid solid solid none}.elementor-widget-tabs.elementor-tabs-view-horizontal .elementor-tab-content{border-style:none solid solid}.elementor-widget-tabs.elementor-tabs-alignment-center .elementor-tabs-wrapper,.elementor-widget-tabs.elementor-tabs-alignment-end .elementor-tabs-wrapper,.elementor-widget-tabs.elementor-tabs-alignment-stretch .elementor-tabs-wrapper{display:flex}.elementor-widget-tabs.elementor-tabs-alignment-center .elementor-tabs-wrapper{justify-content:center}.elementor-widget-tabs.elementor-tabs-alignment-end .elementor-tabs-wrapper{justify-content:flex-end}.elementor-widget-tabs.elementor-tabs-alignment-stretch.elementor-tabs-view-horizontal .elementor-tab-title{width:100%}.elementor-widget-tabs.elementor-tabs-alignment-stretch.elementor-tabs-view-vertical .elementor-tab-title{height:100%}.elementor-tabs .elementor-tab-mobile-title{display:none}}<\/style>\t\t<div class=\"elementor-tabs\">\n\t\t\t<div class=\"elementor-tabs-wrapper\" role=\"tablist\" >\n\t\t\t\t\t\t\t\t\t<div id=\"elementor-tab-title-1771\" class=\"elementor-tab-title elementor-tab-desktop-title\" aria-selected=\"true\" data-tab=\"1\" role=\"tab\" tabindex=\"0\" aria-controls=\"elementor-tab-content-1771\" aria-expanded=\"false\">DETAILS<\/div>\n\t\t\t\t\t\t\t<\/div>\n\t\t\t<div class=\"elementor-tabs-content-wrapper\" role=\"tablist\" aria-orientation=\"vertical\">\n\t\t\t\t\t\t\t\t\t<div class=\"elementor-tab-title elementor-tab-mobile-title\" aria-selected=\"true\" data-tab=\"1\" role=\"tab\" tabindex=\"0\" aria-controls=\"elementor-tab-content-1771\" aria-expanded=\"false\">DETAILS<\/div>\n\t\t\t\t\t<div id=\"elementor-tab-content-1771\" class=\"elementor-tab-content elementor-clearfix\" data-tab=\"1\" role=\"tabpanel\" aria-labelledby=\"elementor-tab-title-1771\" tabindex=\"0\" hidden=\"false\"><ul><li><strong>Packaging: 9-12 pieces in a 7 kg carton\u00a0<\/strong><\/li><li><strong>Recommended temperature for storage and transport: 0.5 \u00b0C - 1 \u00b0C<\/strong><\/li><li><strong>Relative humidity: 95 - 100%<\/strong><\/li><li><strong>Freezing temperature: -0.2 \u00b0C<\/strong><\/li><\/ul><\/div>\n\t\t\t\t\t\t\t<\/div>\n\t\t<\/div>\n\t\t\t\t<\/div>\n\t\t\t\t<\/div>\n\t\t\t\t\t<\/div>\n\t\t<\/div>\n\t\t\t\t\t\t\t<\/div>\n\t\t<\/section>\n\t\t\t\t<section class=\"elementor-section elementor-top-section elementor-element elementor-element-35be24e9 elementor-section-full_width elementor-section-height-default elementor-section-height-default\" data-id=\"35be24e9\" data-element_type=\"section\" data-settings=\"{&quot;background_background&quot;:&quot;classic&quot;}\">\n\t\t\t\t\t\t<div class=\"elementor-container elementor-column-gap-default\">\n\t\t\t\t\t<div class=\"elementor-column elementor-col-100 elementor-top-column elementor-element elementor-element-276ff924\" data-id=\"276ff924\" data-element_type=\"column\">\n\t\t\t<div class=\"elementor-widget-wrap elementor-element-populated\">\n\t\t\t\t\t\t\t\t<div class=\"elementor-element elementor-element-70aa2a93 elementor-invisible elementor-widget elementor-widget-heading\" data-id=\"70aa2a93\" data-element_type=\"widget\" data-settings=\"{&quot;_animation&quot;:&quot;fadeInUp&quot;}\" data-widget_type=\"heading.default\">\n\t\t\t\t<div class=\"elementor-widget-container\">\n\t\t\t<h2 class=\"elementor-heading-title elementor-size-default\">GALLERY<\/h2>\t\t<\/div>\n\t\t\t\t<\/div>\n\t\t\t\t<div class=\"elementor-element elementor-element-457028c7 elementor-widget elementor-widget-image-gallery\" data-id=\"457028c7\" data-element_type=\"widget\" data-widget_type=\"image-gallery.default\">\n\t\t\t\t<div class=\"elementor-widget-container\">\n\t\t\t<style>\/*! elementor - v3.17.0 - 01-11-2023 *\/\n.elementor-image-gallery .gallery-item{display:inline-block;text-align:center;vertical-align:top;width:100%;max-width:100%;margin:0 auto}.elementor-image-gallery .gallery-item img{margin:0 auto}.elementor-image-gallery .gallery-item .gallery-caption{margin:0}.elementor-image-gallery figure img{display:block}.elementor-image-gallery figure figcaption{width:100%}.gallery-spacing-custom .elementor-image-gallery .gallery-icon{padding:0}@media (min-width:768px){.elementor-image-gallery .gallery-columns-2 .gallery-item{max-width:50%}.elementor-image-gallery .gallery-columns-3 .gallery-item{max-width:33.33%}.elementor-image-gallery .gallery-columns-4 .gallery-item{max-width:25%}.elementor-image-gallery .gallery-columns-5 .gallery-item{max-width:20%}.elementor-image-gallery .gallery-columns-6 .gallery-item{max-width:16.666%}.elementor-image-gallery .gallery-columns-7 .gallery-item{max-width:14.28%}.elementor-image-gallery .gallery-columns-8 .gallery-item{max-width:12.5%}.elementor-image-gallery .gallery-columns-9 .gallery-item{max-width:11.11%}.elementor-image-gallery .gallery-columns-10 .gallery-item{max-width:10%}}@media (min-width:480px) and (max-width:767px){.elementor-image-gallery .gallery.gallery-columns-2 .gallery-item,.elementor-image-gallery .gallery.gallery-columns-3 .gallery-item,.elementor-image-gallery .gallery.gallery-columns-4 .gallery-item,.elementor-image-gallery .gallery.gallery-columns-5 .gallery-item,.elementor-image-gallery .gallery.gallery-columns-6 .gallery-item,.elementor-image-gallery .gallery.gallery-columns-7 .gallery-item,.elementor-image-gallery .gallery.gallery-columns-8 .gallery-item,.elementor-image-gallery .gallery.gallery-columns-9 .gallery-item,.elementor-image-gallery .gallery.gallery-columns-10 .gallery-item{max-width:50%}}@media (max-width:479px){.elementor-image-gallery .gallery.gallery-columns-2 .gallery-item,.elementor-image-gallery .gallery.gallery-columns-3 .gallery-item,.elementor-image-gallery .gallery.gallery-columns-4 .gallery-item,.elementor-image-gallery .gallery.gallery-columns-5 .gallery-item,.elementor-image-gallery .gallery.gallery-columns-6 .gallery-item,.elementor-image-gallery .gallery.gallery-columns-7 .gallery-item,.elementor-image-gallery .gallery.gallery-columns-8 .gallery-item,.elementor-image-gallery .gallery.gallery-columns-9 .gallery-item,.elementor-image-gallery .gallery.gallery-columns-10 .gallery-item{max-width:100%}}<\/style>\t\t<div class=\"elementor-image-gallery\">\n\t\t\t<div id='gallery-1' class='gallery galleryid-2076 gallery-columns-4 gallery-size-medium_large'><figure class='gallery-item'>\n\t\t\t<div class='gallery-icon landscape'>\n\t\t\t\t<a data-elementor-open-lightbox=\"yes\" data-elementor-lightbox-slideshow=\"457028c7\" data-elementor-lightbox-title=\"52\" data-e-action-hash=\"#elementor-action%3Aaction%3Dlightbox%26settings%3DeyJpZCI6MjM4OCwidXJsIjoiaHR0cHM6XC9cL3d3dy5pbXBvcnRmcm9tZWd5cHQuZXVcL3dwLWNvbnRlbnRcL3VwbG9hZHNcLzIwMjNcLzExXC81Mi5wbmciLCJzbGlkZXNob3ciOiI0NTcwMjhjNyJ9\" href='https:\/\/www.importfromegypt.eu\/wp-content\/uploads\/2023\/11\/52.png'><img width=\"768\" height=\"512\" src=\"https:\/\/www.importfromegypt.eu\/wp-content\/uploads\/2023\/11\/52-768x512.png\" class=\"attachment-medium_large size-medium_large\" alt=\"\" decoding=\"async\" srcset=\"https:\/\/www.importfromegypt.eu\/wp-content\/uploads\/2023\/11\/52-768x512.png 768w, https:\/\/www.importfromegypt.eu\/wp-content\/uploads\/2023\/11\/52-300x200.png 300w, https:\/\/www.importfromegypt.eu\/wp-content\/uploads\/2023\/11\/52-1024x683.png 1024w, https:\/\/www.importfromegypt.eu\/wp-content\/uploads\/2023\/11\/52-18x12.png 18w, https:\/\/www.importfromegypt.eu\/wp-content\/uploads\/2023\/11\/52-350x233.png 350w, https:\/\/www.importfromegypt.eu\/wp-content\/uploads\/2023\/11\/52-1125x750.png 1125w, https:\/\/www.importfromegypt.eu\/wp-content\/uploads\/2023\/11\/52-600x400.png 600w, https:\/\/www.importfromegypt.eu\/wp-content\/uploads\/2023\/11\/52.png 1200w\" sizes=\"(max-width: 768px) 100vw, 768px\" \/><\/a>\n\t\t\t<\/div><\/figure><figure class='gallery-item'>\n\t\t\t<div class='gallery-icon landscape'>\n\t\t\t\t<a data-elementor-open-lightbox=\"yes\" data-elementor-lightbox-slideshow=\"457028c7\" data-elementor-lightbox-title=\"53\" data-e-action-hash=\"#elementor-action%3Aaction%3Dlightbox%26settings%3DeyJpZCI6MjM4OSwidXJsIjoiaHR0cHM6XC9cL3d3dy5pbXBvcnRmcm9tZWd5cHQuZXVcL3dwLWNvbnRlbnRcL3VwbG9hZHNcLzIwMjNcLzExXC81My5wbmciLCJzbGlkZXNob3ciOiI0NTcwMjhjNyJ9\" href='https:\/\/www.importfromegypt.eu\/wp-content\/uploads\/2023\/11\/53.png'><img width=\"768\" height=\"512\" src=\"https:\/\/www.importfromegypt.eu\/wp-content\/uploads\/2023\/11\/53-768x512.png\" class=\"attachment-medium_large size-medium_large\" alt=\"\" decoding=\"async\" srcset=\"https:\/\/www.importfromegypt.eu\/wp-content\/uploads\/2023\/11\/53-768x512.png 768w, https:\/\/www.importfromegypt.eu\/wp-content\/uploads\/2023\/11\/53-300x200.png 300w, https:\/\/www.importfromegypt.eu\/wp-content\/uploads\/2023\/11\/53-1024x683.png 1024w, https:\/\/www.importfromegypt.eu\/wp-content\/uploads\/2023\/11\/53-18x12.png 18w, https:\/\/www.importfromegypt.eu\/wp-content\/uploads\/2023\/11\/53-350x233.png 350w, https:\/\/www.importfromegypt.eu\/wp-content\/uploads\/2023\/11\/53-1125x750.png 1125w, https:\/\/www.importfromegypt.eu\/wp-content\/uploads\/2023\/11\/53-600x400.png 600w, https:\/\/www.importfromegypt.eu\/wp-content\/uploads\/2023\/11\/53.png 1200w\" sizes=\"(max-width: 768px) 100vw, 768px\" \/><\/a>\n\t\t\t<\/div><\/figure><figure class='gallery-item'>\n\t\t\t<div class='gallery-icon landscape'>\n\t\t\t\t<a data-elementor-open-lightbox=\"yes\" data-elementor-lightbox-slideshow=\"457028c7\" data-elementor-lightbox-title=\"54\" data-e-action-hash=\"#elementor-action%3Aaction%3Dlightbox%26settings%3DeyJpZCI6MjM5MCwidXJsIjoiaHR0cHM6XC9cL3d3dy5pbXBvcnRmcm9tZWd5cHQuZXVcL3dwLWNvbnRlbnRcL3VwbG9hZHNcLzIwMjNcLzExXC81NC5wbmciLCJzbGlkZXNob3ciOiI0NTcwMjhjNyJ9\" href='https:\/\/www.importfromegypt.eu\/wp-content\/uploads\/2023\/11\/54.png'><img loading=\"lazy\" width=\"768\" height=\"512\" src=\"https:\/\/www.importfromegypt.eu\/wp-content\/uploads\/2023\/11\/54-768x512.png\" class=\"attachment-medium_large size-medium_large\" alt=\"\" decoding=\"async\" srcset=\"https:\/\/www.importfromegypt.eu\/wp-content\/uploads\/2023\/11\/54-768x512.png 768w, https:\/\/www.importfromegypt.eu\/wp-content\/uploads\/2023\/11\/54-300x200.png 300w, https:\/\/www.importfromegypt.eu\/wp-content\/uploads\/2023\/11\/54-1024x683.png 1024w, https:\/\/www.importfromegypt.eu\/wp-content\/uploads\/2023\/11\/54-18x12.png 18w, https:\/\/www.importfromegypt.eu\/wp-content\/uploads\/2023\/11\/54-350x233.png 350w, https:\/\/www.importfromegypt.eu\/wp-content\/uploads\/2023\/11\/54-1125x750.png 1125w, https:\/\/www.importfromegypt.eu\/wp-content\/uploads\/2023\/11\/54-600x400.png 600w, https:\/\/www.importfromegypt.eu\/wp-content\/uploads\/2023\/11\/54.png 1200w\" sizes=\"(max-width: 768px) 100vw, 768px\" \/><\/a>\n\t\t\t<\/div><\/figure><figure class='gallery-item'>\n\t\t\t<div class='gallery-icon landscape'>\n\t\t\t\t<a data-elementor-open-lightbox=\"yes\" data-elementor-lightbox-slideshow=\"457028c7\" data-elementor-lightbox-title=\"55\" data-e-action-hash=\"#elementor-action%3Aaction%3Dlightbox%26settings%3DeyJpZCI6MjM5MSwidXJsIjoiaHR0cHM6XC9cL3d3dy5pbXBvcnRmcm9tZWd5cHQuZXVcL3dwLWNvbnRlbnRcL3VwbG9hZHNcLzIwMjNcLzExXC81NS5wbmciLCJzbGlkZXNob3ciOiI0NTcwMjhjNyJ9\" href='https:\/\/www.importfromegypt.eu\/wp-content\/uploads\/2023\/11\/55.png'><img loading=\"lazy\" width=\"768\" height=\"512\" src=\"https:\/\/www.importfromegypt.eu\/wp-content\/uploads\/2023\/11\/55-768x512.png\" class=\"attachment-medium_large size-medium_large\" alt=\"\" decoding=\"async\" srcset=\"https:\/\/www.importfromegypt.eu\/wp-content\/uploads\/2023\/11\/55-768x512.png 768w, https:\/\/www.importfromegypt.eu\/wp-content\/uploads\/2023\/11\/55-300x200.png 300w, https:\/\/www.importfromegypt.eu\/wp-content\/uploads\/2023\/11\/55-1024x683.png 1024w, https:\/\/www.importfromegypt.eu\/wp-content\/uploads\/2023\/11\/55-18x12.png 18w, https:\/\/www.importfromegypt.eu\/wp-content\/uploads\/2023\/11\/55-350x233.png 350w, https:\/\/www.importfromegypt.eu\/wp-content\/uploads\/2023\/11\/55-1125x750.png 1125w, https:\/\/www.importfromegypt.eu\/wp-content\/uploads\/2023\/11\/55-600x400.png 600w, https:\/\/www.importfromegypt.eu\/wp-content\/uploads\/2023\/11\/55.png 1200w\" sizes=\"(max-width: 768px) 100vw, 768px\" \/><\/a>\n\t\t\t<\/div><\/figure>\n\t\t<\/div>\n\t\t<\/div>\n\t\t\t\t<\/div>\n\t\t\t\t<\/div>\n\t\t\t\t\t<\/div>\n\t\t<\/div>\n\t\t\t\t\t\t\t<\/div>\n\t\t<\/section>\n\t\t\t\t\t\t\t<\/div>","protected":false},"excerpt":{"rendered":"<p>INSALATA ICEBERG L&#8217;insalata iceberg \u00e8 un tipo di lattuga apprezzata per la sua consistenza croccante e il sapore delicato. \u00c8 una popolare variet\u00e0 di lattuga consumata in tutto il mondo. Il suo nome deriva dal fatto che spesso viene confezionata nel ghiaccio durante il trasporto per mantenerla fresca. L&#8217;insalata iceberg \u00e8 povera di calorie e [&hellip;]<\/p>","protected":false},"author":3,"featured_media":0,"parent":0,"menu_order":0,"comment_status":"closed","ping_status":"closed","template":"page-templates\/home7.php","meta":{"_seopress_robots_primary_cat":"","footnotes":""},"_links":{"self":[{"href":"https:\/\/www.importfromegypt.eu\/en\/wp-json\/wp\/v2\/pages\/2076"}],"collection":[{"href":"https:\/\/www.importfromegypt.eu\/en\/wp-json\/wp\/v2\/pages"}],"about":[{"href":"https:\/\/www.importfromegypt.eu\/en\/wp-json\/wp\/v2\/types\/page"}],"author":[{"embeddable":true,"href":"https:\/\/www.importfromegypt.eu\/en\/wp-json\/wp\/v2\/users\/3"}],"replies":[{"embeddable":true,"href":"https:\/\/www.importfromegypt.eu\/en\/wp-json\/wp\/v2\/comments?post=2076"}],"version-history":[{"count":10,"href":"https:\/\/www.importfromegypt.eu\/en\/wp-json\/wp\/v2\/pages\/2076\/revisions"}],"predecessor-version":[{"id":2922,"href":"https:\/\/www.importfromegypt.eu\/en\/wp-json\/wp\/v2\/pages\/2076\/revisions\/2922"}],"wp:attachment":[{"href":"https:\/\/www.importfromegypt.eu\/en\/wp-json\/wp\/v2\/media?parent=2076"}],"curies":[{"name":"wp","href":"https:\/\/api.w.org\/{rel}","templated":true}]}}